{"id":1606,"date":"2021-03-02T12:32:00","date_gmt":"2021-03-02T11:32:00","guid":{"rendered":"https:\/\/rkjh.se\/en\/?page_id=1606"},"modified":"2021-03-16T00:33:22","modified_gmt":"2021-03-15T23:33:22","slug":"courses","status":"publish","type":"page","link":"https:\/\/rkjh.se\/en\/courses\/","title":{"rendered":"Courses"},"content":{"rendered":"<p>[et_pb_section fb_built=&#8221;1&#8243; fullwidth=&#8221;on&#8221; _builder_version=&#8221;4.9.0&#8243; _module_preset=&#8221;default&#8221;][et_pb_fullwidth_image src=&#8221;https:\/\/rkjh.se\/en\/wp-content\/uploads\/sites\/2\/2021\/02\/klippt.jpg&#8221; title_text=&#8221;klippt&#8221; _builder_version=&#8221;4.9.0&#8243; _module_preset=&#8221;default&#8221;][\/et_pb_fullwidth_image][\/et_pb_section][et_pb_section fb_built=&#8221;1&#8243; admin_label=&#8221;Ingress&#8221; _builder_version=&#8221;4.9.1&#8243; _module_preset=&#8221;default&#8221; background_enable_color=&#8221;off&#8221; custom_margin=&#8221;0px||0px||false|false&#8221; custom_padding=&#8221;0px||0px||false|false&#8221; hover_enabled=&#8221;0&#8243; sticky_enabled=&#8221;0&#8243;][et_pb_row _builder_version=&#8221;4.9.0&#8243; _module_preset=&#8221;default&#8221; background_color=&#8221;#E52B38&#8243; width=&#8221;100%&#8221; max_width=&#8221;100%&#8221;][et_pb_column type=&#8221;4_4&#8243; _builder_version=&#8221;4.7.3&#8243; _module_preset=&#8221;default&#8221;][et_pb_blurb title=&#8221;Kurser&#8221; content_max_width=&#8221;80%&#8221; _builder_version=&#8221;4.9.0&#8243; _module_preset=&#8221;default&#8221; header_level=&#8221;h1&#8243; header_text_align=&#8221;center&#8221; header_text_color=&#8221;#ffffff&#8221; header_font_size=&#8221;44px&#8221; body_text_align=&#8221;center&#8221; body_text_color=&#8221;#ffffff&#8221; body_font_size=&#8221;18px&#8221; background_enable_color=&#8221;off&#8221; max_width=&#8221;1080px&#8221; custom_margin=&#8221;|auto||auto|false|false&#8221;]<\/p>\n<p>Vi erbjuder kurser inom bokf\u00f6ring och aff\u00e4rsutveckling, samt f\u00f6retagsanpassande kurser inom ekonomistyrning, f\u00f6retags\u00f6verl\u00e5telse, redovisning och skatter.<\/p>\n<p>[\/et_pb_blurb][\/et_pb_column][\/et_pb_row][\/et_pb_section][et_pb_section fb_built=&#8221;1&#8243; _builder_version=&#8221;4.9.1&#8243; background_color=&#8221;#f2f2f2&#8243; hover_enabled=&#8221;0&#8243; sticky_enabled=&#8221;0&#8243;][et_pb_row _builder_version=&#8221;4.7.3&#8243; _module_preset=&#8221;default&#8221;][et_pb_column type=&#8221;4_4&#8243; _builder_version=&#8221;4.7.3&#8243; _module_preset=&#8221;default&#8221;][et_pb_blog fullwidth=&#8221;off&#8221; post_type=&#8221;kurser&#8221; use_manual_excerpt=&#8221;off&#8221; show_author=&#8221;off&#8221; show_date=&#8221;off&#8221; show_categories=&#8221;off&#8221; show_excerpt=&#8221;off&#8221; module_class=&#8221;cu-col4&#8243; _builder_version=&#8221;4.9.0&#8243; _module_preset=&#8221;default&#8221; header_level=&#8221;h3&#8243; header_text_align=&#8221;center&#8221; header_font_size=&#8221;18px&#8221; custom_css_title=&#8221;height: 40px;||overflow: hidden&#8221;][\/et_pb_blog][\/et_pb_column][\/et_pb_row][\/et_pb_section][et_pb_section fb_built=&#8221;1&#8243; _builder_version=&#8221;4.7.3&#8243; background_enable_color=&#8221;off&#8221;][et_pb_row _builder_version=&#8221;3.25&#8243; background_size=&#8221;initial&#8221; background_position=&#8221;top_left&#8221; background_repeat=&#8221;repeat&#8221;][et_pb_column type=&#8221;4_4&#8243; _builder_version=&#8221;3.25&#8243; custom_padding=&#8221;|||&#8221; custom_padding__hover=&#8221;|||&#8221;][et_pb_blurb title=&#8221;Allm\u00e4nna villkor&#8221; _builder_version=&#8221;4.9.0&#8243; _module_preset=&#8221;default&#8221; header_level=&#8221;h3&#8243;]<\/p>\n<p><strong>Deltagarantal<br \/><\/strong>P\u00e5 samtliga kurser \u00e4r deltagarantalet begr\u00e4nsat. Kurser med f\u00f6r l\u00e5gt deltagarantal genomf\u00f6rs ej.\u00a0<\/p>\n<p><strong>Intresseanm\u00e4lan<\/strong><br \/>Anm\u00e4lan skall ske. skriftligen. per brev, fax eller formul\u00e4r p\u00e5 rkjh.se\/en. Anm\u00e4lningarna antas i den ordning de inkommer. Vid anm\u00e4lan skall deltagarens och f\u00f6retagets namn. samt faktureringsadress och telefonnummer alltid anges.\u00a0<\/p>\n<p>[\/et_pb_blurb][\/et_pb_column][\/et_pb_row][\/et_pb_section]<\/p>\n","protected":false},"excerpt":{"rendered":"<p>Vi erbjuder kurser inom bokf\u00f6ring och aff\u00e4rsutveckling, samt f\u00f6retagsanpassande kurser inom ekonomistyrning, f\u00f6retags\u00f6verl\u00e5telse, redovisning och skatter.DeltagarantalP\u00e5 samtliga kurser \u00e4r deltagarantalet begr\u00e4nsat. Kurser med f\u00f6r l\u00e5gt deltagarantal genomf\u00f6rs ej.\u00a0 Intresseanm\u00e4lanAnm\u00e4lan skall ske. skriftligen. per brev, fax eller formul\u00e4r p\u00e5 rkjh.se\/en. Anm\u00e4lningarna antas i den ordning de inkommer. Vid anm\u00e4lan skall deltagarens och f\u00f6retagets namn. samt faktureringsadress [&hellip;]<\/p>\n","protected":false},"author":1,"featured_media":250,"parent":0,"menu_order":0,"comment_status":"closed","ping_status":"closed","template":"","meta":{"_acf_changed":false,"_et_pb_use_builder":"on","_et_pb_old_content":"","_et_gb_content_width":"","content-type":"","om_disable_all_campaigns":false,"footnotes":""},"class_list":["post-1606","page","type-page","status-publish","has-post-thumbnail","hentry"],"acf":[],"aioseo_notices":[],"yoast_head":"<!-- This site is optimized with the Yoast SEO plugin v27.4 - https:\/\/yoast.com\/product\/yoast-seo-wordpress\/ -->\n<title>Courses - Revisionskonsulterna J H\u00e4gglund EN<\/title>\n<meta name=\"robots\" content=\"index, follow, max-snippet:-1, max-image-preview:large, max-video-preview:-1\" \/>\n<link rel=\"canonical\" href=\"https:\/\/en.rkjh.se\/en\/courses\/\" \/>\n<meta property=\"og:locale\" content=\"en_US\" \/>\n<meta property=\"og:type\" content=\"article\" \/>\n<meta property=\"og:title\" content=\"Courses - Revisionskonsulterna J H\u00e4gglund EN\" \/>\n<meta property=\"og:description\" content=\"Vi erbjuder kurser inom bokf\u00f6ring och aff\u00e4rsutveckling, samt f\u00f6retagsanpassande kurser inom ekonomistyrning, f\u00f6retags\u00f6verl\u00e5telse, redovisning och skatter.DeltagarantalP\u00e5 samtliga kurser \u00e4r deltagarantalet begr\u00e4nsat. Kurser med f\u00f6r l\u00e5gt deltagarantal genomf\u00f6rs ej.\u00a0 Intresseanm\u00e4lanAnm\u00e4lan skall ske. skriftligen. per brev, fax eller formul\u00e4r p\u00e5 rkjh.se\/en. Anm\u00e4lningarna antas i den ordning de inkommer. Vid anm\u00e4lan skall deltagarens och f\u00f6retagets namn. samt faktureringsadress [&hellip;]\" \/>\n<meta property=\"og:url\" content=\"https:\/\/en.rkjh.se\/en\/courses\/\" \/>\n<meta property=\"og:site_name\" content=\"Revisionskonsulterna J H\u00e4gglund EN\" \/>\n<meta property=\"article:modified_time\" content=\"2021-03-15T23:33:22+00:00\" \/>\n<meta property=\"og:image\" content=\"https:\/\/rkjh.se\/en\/wp-content\/uploads\/sites\/2\/2021\/02\/kurser.jpg\" \/>\n\t<meta property=\"og:image:width\" content=\"499\" \/>\n\t<meta property=\"og:image:height\" content=\"273\" \/>\n\t<meta property=\"og:image:type\" content=\"image\/jpeg\" \/>\n<meta name=\"twitter:card\" content=\"summary_large_image\" \/>\n<meta name=\"twitter:label1\" content=\"Est. reading time\" \/>\n\t<meta name=\"twitter:data1\" content=\"2 minutes\" \/>\n<script type=\"application\/ld+json\" class=\"yoast-schema-graph\">{\"@context\":\"https:\\\/\\\/schema.org\",\"@graph\":[{\"@type\":\"WebPage\",\"@id\":\"https:\\\/\\\/en.rkjh.se\\\/en\\\/courses\\\/\",\"url\":\"https:\\\/\\\/en.rkjh.se\\\/en\\\/courses\\\/\",\"name\":\"Courses - Revisionskonsulterna J H\u00e4gglund EN\",\"isPartOf\":{\"@id\":\"https:\\\/\\\/rkjh.se\\\/en\\\/#website\"},\"primaryImageOfPage\":{\"@id\":\"https:\\\/\\\/en.rkjh.se\\\/en\\\/courses\\\/#primaryimage\"},\"image\":{\"@id\":\"https:\\\/\\\/en.rkjh.se\\\/en\\\/courses\\\/#primaryimage\"},\"thumbnailUrl\":\"https:\\\/\\\/rkjh.se\\\/en\\\/wp-content\\\/uploads\\\/sites\\\/2\\\/2021\\\/02\\\/kurser.jpg\",\"datePublished\":\"2021-03-02T11:32:00+00:00\",\"dateModified\":\"2021-03-15T23:33:22+00:00\",\"inLanguage\":\"en-US\",\"potentialAction\":[{\"@type\":\"ReadAction\",\"target\":[\"https:\\\/\\\/en.rkjh.se\\\/en\\\/courses\\\/\"]}]},{\"@type\":\"ImageObject\",\"inLanguage\":\"en-US\",\"@id\":\"https:\\\/\\\/en.rkjh.se\\\/en\\\/courses\\\/#primaryimage\",\"url\":\"https:\\\/\\\/rkjh.se\\\/en\\\/wp-content\\\/uploads\\\/sites\\\/2\\\/2021\\\/02\\\/kurser.jpg\",\"contentUrl\":\"https:\\\/\\\/rkjh.se\\\/en\\\/wp-content\\\/uploads\\\/sites\\\/2\\\/2021\\\/02\\\/kurser.jpg\",\"width\":499,\"height\":273,\"caption\":\"Personer sitter vid ett stort bord och lyssnar p\u00e5 en person som st\u00e5r vid en witheboard\"},{\"@type\":\"WebSite\",\"@id\":\"https:\\\/\\\/rkjh.se\\\/en\\\/#website\",\"url\":\"https:\\\/\\\/rkjh.se\\\/en\\\/\",\"name\":\"Revisionskonsulterna J H\u00e4gglund EN\",\"description\":\"&quot;Engagemanget g\u00f6r skillnaden&quot;\",\"potentialAction\":[{\"@type\":\"SearchAction\",\"target\":{\"@type\":\"EntryPoint\",\"urlTemplate\":\"https:\\\/\\\/rkjh.se\\\/en\\\/?s={search_term_string}\"},\"query-input\":{\"@type\":\"PropertyValueSpecification\",\"valueRequired\":true,\"valueName\":\"search_term_string\"}}],\"inLanguage\":\"en-US\"}]}<\/script>\n<!-- \/ Yoast SEO plugin. -->","yoast_head_json":{"title":"Courses - Revisionskonsulterna J H\u00e4gglund EN","robots":{"index":"index","follow":"follow","max-snippet":"max-snippet:-1","max-image-preview":"max-image-preview:large","max-video-preview":"max-video-preview:-1"},"canonical":"https:\/\/en.rkjh.se\/en\/courses\/","og_locale":"en_US","og_type":"article","og_title":"Courses - Revisionskonsulterna J H\u00e4gglund EN","og_description":"Vi erbjuder kurser inom bokf\u00f6ring och aff\u00e4rsutveckling, samt f\u00f6retagsanpassande kurser inom ekonomistyrning, f\u00f6retags\u00f6verl\u00e5telse, redovisning och skatter.DeltagarantalP\u00e5 samtliga kurser \u00e4r deltagarantalet begr\u00e4nsat. Kurser med f\u00f6r l\u00e5gt deltagarantal genomf\u00f6rs ej.\u00a0 Intresseanm\u00e4lanAnm\u00e4lan skall ske. skriftligen. per brev, fax eller formul\u00e4r p\u00e5 rkjh.se\/en. Anm\u00e4lningarna antas i den ordning de inkommer. Vid anm\u00e4lan skall deltagarens och f\u00f6retagets namn. samt faktureringsadress [&hellip;]","og_url":"https:\/\/en.rkjh.se\/en\/courses\/","og_site_name":"Revisionskonsulterna J H\u00e4gglund EN","article_modified_time":"2021-03-15T23:33:22+00:00","og_image":[{"width":499,"height":273,"url":"https:\/\/rkjh.se\/en\/wp-content\/uploads\/sites\/2\/2021\/02\/kurser.jpg","type":"image\/jpeg"}],"twitter_card":"summary_large_image","twitter_misc":{"Est. reading time":"2 minutes"},"schema":{"@context":"https:\/\/schema.org","@graph":[{"@type":"WebPage","@id":"https:\/\/en.rkjh.se\/en\/courses\/","url":"https:\/\/en.rkjh.se\/en\/courses\/","name":"Courses - Revisionskonsulterna J H\u00e4gglund EN","isPartOf":{"@id":"https:\/\/rkjh.se\/en\/#website"},"primaryImageOfPage":{"@id":"https:\/\/en.rkjh.se\/en\/courses\/#primaryimage"},"image":{"@id":"https:\/\/en.rkjh.se\/en\/courses\/#primaryimage"},"thumbnailUrl":"https:\/\/rkjh.se\/en\/wp-content\/uploads\/sites\/2\/2021\/02\/kurser.jpg","datePublished":"2021-03-02T11:32:00+00:00","dateModified":"2021-03-15T23:33:22+00:00","inLanguage":"en-US","potentialAction":[{"@type":"ReadAction","target":["https:\/\/en.rkjh.se\/en\/courses\/"]}]},{"@type":"ImageObject","inLanguage":"en-US","@id":"https:\/\/en.rkjh.se\/en\/courses\/#primaryimage","url":"https:\/\/rkjh.se\/en\/wp-content\/uploads\/sites\/2\/2021\/02\/kurser.jpg","contentUrl":"https:\/\/rkjh.se\/en\/wp-content\/uploads\/sites\/2\/2021\/02\/kurser.jpg","width":499,"height":273,"caption":"Personer sitter vid ett stort bord och lyssnar p\u00e5 en person som st\u00e5r vid en witheboard"},{"@type":"WebSite","@id":"https:\/\/rkjh.se\/en\/#website","url":"https:\/\/rkjh.se\/en\/","name":"Revisionskonsulterna J H\u00e4gglund EN","description":"&quot;Engagemanget g\u00f6r skillnaden&quot;","potentialAction":[{"@type":"SearchAction","target":{"@type":"EntryPoint","urlTemplate":"https:\/\/rkjh.se\/en\/?s={search_term_string}"},"query-input":{"@type":"PropertyValueSpecification","valueRequired":true,"valueName":"search_term_string"}}],"inLanguage":"en-US"}]}},"_links":{"self":[{"href":"https:\/\/rkjh.se\/en\/wp-json\/wp\/v2\/pages\/1606","targetHints":{"allow":["GET"]}}],"collection":[{"href":"https:\/\/rkjh.se\/en\/wp-json\/wp\/v2\/pages"}],"about":[{"href":"https:\/\/rkjh.se\/en\/wp-json\/wp\/v2\/types\/page"}],"author":[{"embeddable":true,"href":"https:\/\/rkjh.se\/en\/wp-json\/wp\/v2\/users\/1"}],"replies":[{"embeddable":true,"href":"https:\/\/rkjh.se\/en\/wp-json\/wp\/v2\/comments?post=1606"}],"version-history":[{"count":3,"href":"https:\/\/rkjh.se\/en\/wp-json\/wp\/v2\/pages\/1606\/revisions"}],"predecessor-version":[{"id":9577,"href":"https:\/\/rkjh.se\/en\/wp-json\/wp\/v2\/pages\/1606\/revisions\/9577"}],"wp:featuredmedia":[{"embeddable":true,"href":"https:\/\/rkjh.se\/en\/wp-json\/wp\/v2\/media\/250"}],"wp:attachment":[{"href":"https:\/\/rkjh.se\/en\/wp-json\/wp\/v2\/media?parent=1606"}],"curies":[{"name":"wp","href":"https:\/\/api.w.org\/{rel}","templated":true}]}}