{"id":1362,"date":"2021-02-26T12:30:02","date_gmt":"2021-02-26T11:30:02","guid":{"rendered":"https:\/\/rkjh.se\/zh\/?page_id=1362"},"modified":"2023-01-30T09:21:32","modified_gmt":"2023-01-30T08:21:32","slug":"business-entrepreneurs","status":"publish","type":"page","link":"https:\/\/rkjh.se\/zh\/business-entrepreneurs\/","title":{"rendered":"\u5546\u4e1a\u4e0e\u4f01\u4e1a\u5bb6"},"content":{"rendered":"<p>[et_pb_section fb_built=&#8221;1&#8243; fullwidth=&#8221;on&#8221; _builder_version=&#8221;4.16&#8243; _module_preset=&#8221;default&#8221; custom_margin=&#8221;0px||0px||false|false&#8221; custom_padding=&#8221;0px||0px||false|false&#8221; global_colors_info=&#8221;{}&#8221;][et_pb_fullwidth_image src=&#8221;https:\/\/rkjh.se\/zh\/wp-content\/uploads\/sites\/3\/2021\/02\/index1.png&#8221; title_text=&#8221;index1&#8243; _builder_version=&#8221;4.16&#8243; _module_preset=&#8221;default&#8221; custom_margin=&#8221;0px||0px||false|false&#8221; custom_padding=&#8221;0px||0px||false|false&#8221; global_colors_info=&#8221;{}&#8221;][\/et_pb_fullwidth_image][\/et_pb_section][et_pb_section fb_built=&#8221;1&#8243; admin_label=&#8221;Ingress&#8221; module_class=&#8221;ingress-wrapper&#8221; _builder_version=&#8221;4.16&#8243; _module_preset=&#8221;default&#8221; background_enable_color=&#8221;off&#8221; custom_margin=&#8221;0px||0px||false|false&#8221; custom_padding=&#8221;0px||0px||false|false&#8221; global_colors_info=&#8221;{}&#8221;][et_pb_row _builder_version=&#8221;4.16&#8243; _module_preset=&#8221;default&#8221; background_color=&#8221;#E52B38&#8243; width=&#8221;100%&#8221; max_width=&#8221;100%&#8221; global_colors_info=&#8221;{}&#8221;][et_pb_column type=&#8221;4_4&#8243; _builder_version=&#8221;4.16&#8243; _module_preset=&#8221;default&#8221; global_colors_info=&#8221;{}&#8221;][et_pb_blurb title=&#8221;\u4f01\u4e1a\u4e0e\u521b\u4e1a\u8005&#8221; content_max_width=&#8221;80%&#8221; _builder_version=&#8221;4.19.2&#8243; _module_preset=&#8221;default&#8221; header_level=&#8221;h1&#8243; header_text_align=&#8221;center&#8221; header_text_color=&#8221;#ffffff&#8221; header_font_size=&#8221;44px&#8221; body_text_align=&#8221;center&#8221; body_text_color=&#8221;#ffffff&#8221; body_font_size=&#8221;18px&#8221; background_enable_color=&#8221;off&#8221; max_width=&#8221;1080px&#8221; custom_margin=&#8221;|auto||auto|false|false&#8221; hover_enabled=&#8221;0&#8243; global_colors_info=&#8221;{}&#8221; sticky_enabled=&#8221;0&#8243;]<\/p>\n<p>\u6211\u4eec\u5e2e\u52a9\u60a8\u5728\u5404\u4e2a\u9636\u6bb5\u8fd0\u8425\u548c\u53d1\u5c55\u60a8\u7684\u4e1a\u52a1\u3002<\/p>\n<p>[\/et_pb_blurb][\/et_pb_column][\/et_pb_row][\/et_pb_section][et_pb_section fb_built=&#8221;1&#8243; _builder_version=&#8221;4.16&#8243; background_color=&#8221;#f2f2f2&#8243; global_colors_info=&#8221;{}&#8221;][et_pb_row column_structure=&#8221;1_4,1_4,1_4,1_4&#8243; _builder_version=&#8221;4.16&#8243; background_size=&#8221;initial&#8221; background_position=&#8221;top_left&#8221; background_repeat=&#8221;repeat&#8221; global_colors_info=&#8221;{}&#8221;][et_pb_column type=&#8221;1_4&#8243; _builder_version=&#8221;4.16&#8243; background_color=&#8221;#ffffff&#8221; custom_padding=&#8221;|||&#8221; global_colors_info=&#8221;{}&#8221; custom_padding__hover=&#8221;|||&#8221;][et_pb_image src=&#8221;https:\/\/rkjh.se\/zh\/wp-content\/uploads\/sites\/3\/2021\/02\/affa\u0308rsra\u030adgivning.jpg&#8221; title_text=&#8221;affa\u0308rsra\u030adgivning&#8221; align=&#8221;center&#8221; force_fullwidth=&#8221;on&#8221; _builder_version=&#8221;4.16&#8243; _module_preset=&#8221;default&#8221; global_colors_info=&#8221;{}&#8221;][\/et_pb_image][et_pb_blurb title=&#8221;\u4e2d\u5c0f\u4f01\u4e1a\u54a8\u8be2\u670d\u52a1&#8221; _builder_version=&#8221;4.19.2&#8243; _module_preset=&#8221;default&#8221; header_level=&#8221;h3&#8243; header_text_align=&#8221;center&#8221; header_font_size=&#8221;18px&#8221; global_colors_info=&#8221;{}&#8221;][\/et_pb_blurb][\/et_pb_column][et_pb_column type=&#8221;1_4&#8243; _builder_version=&#8221;4.16&#8243; background_color=&#8221;#ffffff&#8221; custom_padding=&#8221;|||&#8221; global_colors_info=&#8221;{}&#8221; custom_padding__hover=&#8221;|||&#8221;][et_pb_image src=&#8221;https:\/\/rkjh.se\/zh\/wp-content\/uploads\/sites\/3\/2021\/02\/Styrelsen.jpg&#8221; title_text=&#8221;Styrelsen&#8221; align=&#8221;center&#8221; force_fullwidth=&#8221;on&#8221; _builder_version=&#8221;4.16&#8243; _module_preset=&#8221;default&#8221; global_colors_info=&#8221;{}&#8221;][\/et_pb_image][et_pb_blurb title=&#8221;\u4e3a\u4ec0\u4e48\u9700\u8981\u8463\u4e8b\u4f1a\uff0c\u8463\u4e8b\u4f1a\u6210\u5458\u7684\u4e49\u52a1\u548c\u8d23\u4efb\u662f\u4ec0\u4e48\uff1f&#8221; _builder_version=&#8221;4.19.2&#8243; _module_preset=&#8221;default&#8221; header_level=&#8221;h3&#8243; header_text_align=&#8221;center&#8221; header_font_size=&#8221;18px&#8221; global_colors_info=&#8221;{}&#8221;][\/et_pb_blurb][\/et_pb_column][et_pb_column type=&#8221;1_4&#8243; _builder_version=&#8221;4.16&#8243; background_color=&#8221;#ffffff&#8221; custom_padding=&#8221;|||&#8221; global_colors_info=&#8221;{}&#8221; custom_padding__hover=&#8221;|||&#8221;][et_pb_image src=&#8221;https:\/\/rkjh.se\/zh\/wp-content\/uploads\/sites\/3\/2021\/02\/nedladdning-1.jpg&#8221; title_text=&#8221;nedladdning&#8221; align=&#8221;center&#8221; force_fullwidth=&#8221;on&#8221; _builder_version=&#8221;4.16&#8243; _module_preset=&#8221;default&#8221; global_colors_info=&#8221;{}&#8221;][\/et_pb_image][et_pb_blurb title=&#8221;\u5bb6\u65cf\u4f01\u4e1a&#8221; _builder_version=&#8221;4.19.2&#8243; _module_preset=&#8221;default&#8221; header_level=&#8221;h3&#8243; header_text_align=&#8221;center&#8221; header_font_size=&#8221;18px&#8221; global_colors_info=&#8221;{}&#8221;][\/et_pb_blurb][\/et_pb_column][et_pb_column type=&#8221;1_4&#8243; _builder_version=&#8221;4.16&#8243; background_color=&#8221;#ffffff&#8221; custom_padding=&#8221;|||&#8221; global_colors_info=&#8221;{}&#8221; custom_padding__hover=&#8221;|||&#8221;][et_pb_image src=&#8221;https:\/\/rkjh.se\/zh\/wp-content\/uploads\/sites\/3\/2021\/02\/eeeeee.jpg&#8221; title_text=&#8221;eeeeee&#8221; url=&#8221;https:\/\/rkjh.se\/zh\/events\/starta-eget\/&#8221; align=&#8221;center&#8221; force_fullwidth=&#8221;on&#8221; _builder_version=&#8221;4.16&#8243; _module_preset=&#8221;default&#8221; global_colors_info=&#8221;{}&#8221;][\/et_pb_image][et_pb_blurb title=&#8221;\u5f00\u59cb\u521b\u4e1a&#8221; url=&#8221;https:\/\/rkjh.se\/zh\/events\/starta-eget\/&#8221; _builder_version=&#8221;4.19.2&#8243; _module_preset=&#8221;default&#8221; header_level=&#8221;h3&#8243; header_text_align=&#8221;center&#8221; header_font_size=&#8221;18px&#8221; global_colors_info=&#8221;{}&#8221;][\/et_pb_blurb][\/et_pb_column][\/et_pb_row][\/et_pb_section]<\/p>\n","protected":false},"excerpt":{"rendered":"<p>\u6211\u4eec\u5e2e\u52a9\u60a8\u5728\u5404\u4e2a\u9636\u6bb5\u8fd0\u8425\u548c\u53d1\u5c55\u60a8\u7684\u4e1a\u52a1\u3002<\/p>\n","protected":false},"author":3,"featured_media":0,"parent":0,"menu_order":0,"comment_status":"closed","ping_status":"closed","template":"","meta":{"_acf_changed":false,"_et_pb_use_builder":"on","_et_pb_old_content":"","_et_gb_content_width":"","content-type":"","om_disable_all_campaigns":false,"footnotes":""},"class_list":["post-1362","page","type-page","status-publish","hentry"],"acf":[],"aioseo_notices":[],"yoast_head":"<!-- This site is optimized with the Yoast SEO plugin v27.4 - https:\/\/yoast.com\/product\/yoast-seo-wordpress\/ -->\n<title>\u5546\u4e1a\u4e0e\u4f01\u4e1a\u5bb6 - Revisionskonsulterna J H\u00e4gglund ZH<\/title>\n<meta name=\"robots\" content=\"index, follow, max-snippet:-1, max-image-preview:large, max-video-preview:-1\" \/>\n<link rel=\"canonical\" href=\"https:\/\/rkjh.se\/zh\/business-entrepreneurs\/\" \/>\n<meta property=\"og:locale\" content=\"sv_SE\" \/>\n<meta property=\"og:type\" content=\"article\" \/>\n<meta property=\"og:title\" content=\"\u5546\u4e1a\u4e0e\u4f01\u4e1a\u5bb6 - Revisionskonsulterna J H\u00e4gglund ZH\" \/>\n<meta property=\"og:description\" content=\"\u6211\u4eec\u5e2e\u52a9\u60a8\u5728\u5404\u4e2a\u9636\u6bb5\u8fd0\u8425\u548c\u53d1\u5c55\u60a8\u7684\u4e1a\u52a1\u3002\" \/>\n<meta property=\"og:url\" content=\"https:\/\/rkjh.se\/zh\/business-entrepreneurs\/\" \/>\n<meta property=\"og:site_name\" content=\"Revisionskonsulterna J H\u00e4gglund ZH\" \/>\n<meta property=\"article:modified_time\" content=\"2023-01-30T08:21:32+00:00\" \/>\n<meta name=\"twitter:card\" content=\"summary_large_image\" \/>\n<meta name=\"twitter:label1\" content=\"Ber\u00e4knad l\u00e4stid\" \/>\n\t<meta name=\"twitter:data1\" content=\"1 minut\" \/>\n<script type=\"application\/ld+json\" class=\"yoast-schema-graph\">{\"@context\":\"https:\\\/\\\/schema.org\",\"@graph\":[{\"@type\":\"WebPage\",\"@id\":\"https:\\\/\\\/rkjh.se\\\/zh\\\/business-entrepreneurs\\\/\",\"url\":\"https:\\\/\\\/rkjh.se\\\/zh\\\/business-entrepreneurs\\\/\",\"name\":\"\u5546\u4e1a\u4e0e\u4f01\u4e1a\u5bb6 - Revisionskonsulterna J H\u00e4gglund ZH\",\"isPartOf\":{\"@id\":\"https:\\\/\\\/rkjh.se\\\/zh\\\/#website\"},\"datePublished\":\"2021-02-26T11:30:02+00:00\",\"dateModified\":\"2023-01-30T08:21:32+00:00\",\"inLanguage\":\"sv-SE\",\"potentialAction\":[{\"@type\":\"ReadAction\",\"target\":[\"https:\\\/\\\/rkjh.se\\\/zh\\\/business-entrepreneurs\\\/\"]}]},{\"@type\":\"WebSite\",\"@id\":\"https:\\\/\\\/rkjh.se\\\/zh\\\/#website\",\"url\":\"https:\\\/\\\/rkjh.se\\\/zh\\\/\",\"name\":\"Revisionskonsulterna J H\u00e4gglund ZH\",\"description\":\"&quot;Engagemanget g\u00f6r skillnaden&quot;\",\"potentialAction\":[{\"@type\":\"SearchAction\",\"target\":{\"@type\":\"EntryPoint\",\"urlTemplate\":\"https:\\\/\\\/rkjh.se\\\/zh\\\/?s={search_term_string}\"},\"query-input\":{\"@type\":\"PropertyValueSpecification\",\"valueRequired\":true,\"valueName\":\"search_term_string\"}}],\"inLanguage\":\"sv-SE\"}]}<\/script>\n<!-- \/ Yoast SEO plugin. -->","yoast_head_json":{"title":"\u5546\u4e1a\u4e0e\u4f01\u4e1a\u5bb6 - Revisionskonsulterna J H\u00e4gglund ZH","robots":{"index":"index","follow":"follow","max-snippet":"max-snippet:-1","max-image-preview":"max-image-preview:large","max-video-preview":"max-video-preview:-1"},"canonical":"https:\/\/rkjh.se\/zh\/business-entrepreneurs\/","og_locale":"sv_SE","og_type":"article","og_title":"\u5546\u4e1a\u4e0e\u4f01\u4e1a\u5bb6 - Revisionskonsulterna J H\u00e4gglund ZH","og_description":"\u6211\u4eec\u5e2e\u52a9\u60a8\u5728\u5404\u4e2a\u9636\u6bb5\u8fd0\u8425\u548c\u53d1\u5c55\u60a8\u7684\u4e1a\u52a1\u3002","og_url":"https:\/\/rkjh.se\/zh\/business-entrepreneurs\/","og_site_name":"Revisionskonsulterna J H\u00e4gglund ZH","article_modified_time":"2023-01-30T08:21:32+00:00","twitter_card":"summary_large_image","twitter_misc":{"Ber\u00e4knad l\u00e4stid":"1 minut"},"schema":{"@context":"https:\/\/schema.org","@graph":[{"@type":"WebPage","@id":"https:\/\/rkjh.se\/zh\/business-entrepreneurs\/","url":"https:\/\/rkjh.se\/zh\/business-entrepreneurs\/","name":"\u5546\u4e1a\u4e0e\u4f01\u4e1a\u5bb6 - Revisionskonsulterna J H\u00e4gglund ZH","isPartOf":{"@id":"https:\/\/rkjh.se\/zh\/#website"},"datePublished":"2021-02-26T11:30:02+00:00","dateModified":"2023-01-30T08:21:32+00:00","inLanguage":"sv-SE","potentialAction":[{"@type":"ReadAction","target":["https:\/\/rkjh.se\/zh\/business-entrepreneurs\/"]}]},{"@type":"WebSite","@id":"https:\/\/rkjh.se\/zh\/#website","url":"https:\/\/rkjh.se\/zh\/","name":"Revisionskonsulterna J H\u00e4gglund ZH","description":"&quot;Engagemanget g\u00f6r skillnaden&quot;","potentialAction":[{"@type":"SearchAction","target":{"@type":"EntryPoint","urlTemplate":"https:\/\/rkjh.se\/zh\/?s={search_term_string}"},"query-input":{"@type":"PropertyValueSpecification","valueRequired":true,"valueName":"search_term_string"}}],"inLanguage":"sv-SE"}]}},"_links":{"self":[{"href":"https:\/\/rkjh.se\/zh\/wp-json\/wp\/v2\/pages\/1362","targetHints":{"allow":["GET"]}}],"collection":[{"href":"https:\/\/rkjh.se\/zh\/wp-json\/wp\/v2\/pages"}],"about":[{"href":"https:\/\/rkjh.se\/zh\/wp-json\/wp\/v2\/types\/page"}],"author":[{"embeddable":true,"href":"https:\/\/rkjh.se\/zh\/wp-json\/wp\/v2\/users\/3"}],"replies":[{"embeddable":true,"href":"https:\/\/rkjh.se\/zh\/wp-json\/wp\/v2\/comments?post=1362"}],"version-history":[{"count":14,"href":"https:\/\/rkjh.se\/zh\/wp-json\/wp\/v2\/pages\/1362\/revisions"}],"predecessor-version":[{"id":131867,"href":"https:\/\/rkjh.se\/zh\/wp-json\/wp\/v2\/pages\/1362\/revisions\/131867"}],"wp:attachment":[{"href":"https:\/\/rkjh.se\/zh\/wp-json\/wp\/v2\/media?parent=1362"}],"curies":[{"name":"wp","href":"https:\/\/api.w.org\/{rel}","templated":true}]}}