{"id":1409,"date":"2021-03-01T16:03:29","date_gmt":"2021-03-01T15:03:29","guid":{"rendered":"https:\/\/rkjh.se\/zh\/?page_id=1409"},"modified":"2023-01-30T11:33:37","modified_gmt":"2023-01-30T10:33:37","slug":"%e6%88%91%e4%bb%ac%e7%9a%84%e6%88%90%e9%95%bf%e6%95%85%e4%ba%8b","status":"publish","type":"page","link":"https:\/\/rkjh.se\/zh\/%e6%88%91%e4%bb%ac%e7%9a%84%e6%88%90%e9%95%bf%e6%95%85%e4%ba%8b\/","title":{"rendered":"\u6211\u4eec\u7684\u6210\u957f\u6545\u4e8b"},"content":{"rendered":"<p>[et_pb_section fb_built=&#8221;1&#8243; fullwidth=&#8221;on&#8221; _builder_version=&#8221;4.7.3&#8243; _module_preset=&#8221;default&#8221; custom_margin=&#8221;0px||0px||false|false&#8221; custom_padding=&#8221;0px||0px||false|false&#8221;][et_pb_fullwidth_image src=&#8221;https:\/\/rkjh.se\/zh\/wp-content\/uploads\/sites\/3\/2021\/05\/bok.jpg&#8221; title_text=&#8221;bok&#8221; admin_label=&#8221;Bild med full bredd&#8221; _builder_version=&#8221;4.9.4&#8243; _module_preset=&#8221;default&#8221; custom_margin=&#8221;0px||0px||false|false&#8221; custom_padding=&#8221;0px||0px||false|false&#8221; hover_enabled=&#8221;0&#8243; sticky_enabled=&#8221;0&#8243;][\/et_pb_fullwidth_image][\/et_pb_section][et_pb_section fb_built=&#8221;1&#8243; admin_label=&#8221;Ingress&#8221; _builder_version=&#8221;4.7.3&#8243; _module_preset=&#8221;default&#8221; background_enable_color=&#8221;off&#8221; custom_margin=&#8221;0px||0px||false|false&#8221; custom_padding=&#8221;0px||0px||false|false&#8221;][et_pb_row _builder_version=&#8221;4.7.3&#8243; _module_preset=&#8221;default&#8221; background_color=&#8221;#E52B38&#8243; width=&#8221;100%&#8221; max_width=&#8221;100%&#8221;][et_pb_column type=&#8221;4_4&#8243; _builder_version=&#8221;4.7.3&#8243; _module_preset=&#8221;default&#8221;][et_pb_blurb title=&#8221;Our History&#8221; content_max_width=&#8221;80%&#8221; _builder_version=&#8221;4.9.0&#8243; _module_preset=&#8221;default&#8221; header_level=&#8221;h1&#8243; header_text_align=&#8221;center&#8221; header_text_color=&#8221;#ffffff&#8221; header_font_size=&#8221;44px&#8221; body_text_align=&#8221;center&#8221; body_text_color=&#8221;#ffffff&#8221; body_font_size=&#8221;18px&#8221; background_enable_color=&#8221;off&#8221; max_width=&#8221;1080px&#8221; custom_margin=&#8221;|auto||auto|false|false&#8221;][\/et_pb_blurb][\/et_pb_column][\/et_pb_row][\/et_pb_section][et_pb_section fb_built=&#8221;1&#8243; _builder_version=&#8221;4.7.3&#8243; _module_preset=&#8221;default&#8221;][et_pb_row _builder_version=&#8221;4.7.3&#8243; _module_preset=&#8221;default&#8221;][et_pb_column type=&#8221;4_4&#8243; _builder_version=&#8221;4.7.3&#8243; _module_preset=&#8221;default&#8221;][et_pb_text _builder_version=&#8221;4.9.0&#8243; _module_preset=&#8221;default&#8221;]<\/p>\n<p>Auditing consultants J H\u00e4gglund has been owned by J\u00f6rgen H\u00e4gglund since 1986. The business is conducted from offices in Halmstad and Malm\u00f6. Our employees have a qualified financial education and many years of practical experience. We master the current legal rules in accounting and taxation. Continuous development means that we are strong in the face of future variability.<\/p>\n<p>[\/et_pb_text][\/et_pb_column][\/et_pb_row][\/et_pb_section]<\/p>\n","protected":false},"excerpt":{"rendered":"<p>Auditing consultants J H\u00e4gglund has been owned by J\u00f6rgen H\u00e4gglund since 1986. The business is conducted from offices in Halmstad and Malm\u00f6. Our employees have a qualified financial education and many years of practical experience. We master the current legal rules in accounting and taxation. Continuous development means that we are strong in the face [&hellip;]<\/p>\n","protected":false},"author":3,"featured_media":0,"parent":0,"menu_order":0,"comment_status":"closed","ping_status":"closed","template":"","meta":{"_acf_changed":false,"_et_pb_use_builder":"on","_et_pb_old_content":"","_et_gb_content_width":"","content-type":"","om_disable_all_campaigns":false,"footnotes":""},"class_list":["post-1409","page","type-page","status-publish","hentry"],"acf":[],"aioseo_notices":[],"yoast_head":"<!-- This site is optimized with the Yoast SEO plugin v27.4 - https:\/\/yoast.com\/product\/yoast-seo-wordpress\/ -->\n<title>\u6211\u4eec\u7684\u6210\u957f\u6545\u4e8b - Revisionskonsulterna J H\u00e4gglund ZH<\/title>\n<meta name=\"robots\" content=\"index, follow, max-snippet:-1, max-image-preview:large, max-video-preview:-1\" \/>\n<link rel=\"canonical\" href=\"https:\/\/rkjh.se\/zh\/\u6211\u4eec\u7684\u6210\u957f\u6545\u4e8b\/\" \/>\n<meta property=\"og:locale\" content=\"sv_SE\" \/>\n<meta property=\"og:type\" content=\"article\" \/>\n<meta property=\"og:title\" content=\"\u6211\u4eec\u7684\u6210\u957f\u6545\u4e8b - Revisionskonsulterna J H\u00e4gglund ZH\" \/>\n<meta property=\"og:description\" content=\"Auditing consultants J H\u00e4gglund has been owned by J\u00f6rgen H\u00e4gglund since 1986. The business is conducted from offices in Halmstad and Malm\u00f6. Our employees have a qualified financial education and many years of practical experience. We master the current legal rules in accounting and taxation. Continuous development means that we are strong in the face [&hellip;]\" \/>\n<meta property=\"og:url\" content=\"https:\/\/rkjh.se\/zh\/\u6211\u4eec\u7684\u6210\u957f\u6545\u4e8b\/\" \/>\n<meta property=\"og:site_name\" content=\"Revisionskonsulterna J H\u00e4gglund ZH\" \/>\n<meta property=\"article:modified_time\" content=\"2023-01-30T10:33:37+00:00\" \/>\n<meta name=\"twitter:card\" content=\"summary_large_image\" \/>\n<meta name=\"twitter:label1\" content=\"Ber\u00e4knad l\u00e4stid\" \/>\n\t<meta name=\"twitter:data1\" content=\"2 minuter\" \/>\n<script type=\"application\/ld+json\" class=\"yoast-schema-graph\">{\"@context\":\"https:\\\/\\\/schema.org\",\"@graph\":[{\"@type\":\"WebPage\",\"@id\":\"https:\\\/\\\/rkjh.se\\\/zh\\\/%e6%88%91%e4%bb%ac%e7%9a%84%e6%88%90%e9%95%bf%e6%95%85%e4%ba%8b\\\/\",\"url\":\"https:\\\/\\\/rkjh.se\\\/zh\\\/%e6%88%91%e4%bb%ac%e7%9a%84%e6%88%90%e9%95%bf%e6%95%85%e4%ba%8b\\\/\",\"name\":\"\u6211\u4eec\u7684\u6210\u957f\u6545\u4e8b - Revisionskonsulterna J H\u00e4gglund ZH\",\"isPartOf\":{\"@id\":\"https:\\\/\\\/rkjh.se\\\/zh\\\/#website\"},\"datePublished\":\"2021-03-01T15:03:29+00:00\",\"dateModified\":\"2023-01-30T10:33:37+00:00\",\"inLanguage\":\"sv-SE\",\"potentialAction\":[{\"@type\":\"ReadAction\",\"target\":[\"https:\\\/\\\/rkjh.se\\\/zh\\\/%e6%88%91%e4%bb%ac%e7%9a%84%e6%88%90%e9%95%bf%e6%95%85%e4%ba%8b\\\/\"]}]},{\"@type\":\"WebSite\",\"@id\":\"https:\\\/\\\/rkjh.se\\\/zh\\\/#website\",\"url\":\"https:\\\/\\\/rkjh.se\\\/zh\\\/\",\"name\":\"Revisionskonsulterna J H\u00e4gglund ZH\",\"description\":\"&quot;Engagemanget g\u00f6r skillnaden&quot;\",\"potentialAction\":[{\"@type\":\"SearchAction\",\"target\":{\"@type\":\"EntryPoint\",\"urlTemplate\":\"https:\\\/\\\/rkjh.se\\\/zh\\\/?s={search_term_string}\"},\"query-input\":{\"@type\":\"PropertyValueSpecification\",\"valueRequired\":true,\"valueName\":\"search_term_string\"}}],\"inLanguage\":\"sv-SE\"}]}<\/script>\n<!-- \/ Yoast SEO plugin. -->","yoast_head_json":{"title":"\u6211\u4eec\u7684\u6210\u957f\u6545\u4e8b - Revisionskonsulterna J H\u00e4gglund ZH","robots":{"index":"index","follow":"follow","max-snippet":"max-snippet:-1","max-image-preview":"max-image-preview:large","max-video-preview":"max-video-preview:-1"},"canonical":"https:\/\/rkjh.se\/zh\/\u6211\u4eec\u7684\u6210\u957f\u6545\u4e8b\/","og_locale":"sv_SE","og_type":"article","og_title":"\u6211\u4eec\u7684\u6210\u957f\u6545\u4e8b - Revisionskonsulterna J H\u00e4gglund ZH","og_description":"Auditing consultants J H\u00e4gglund has been owned by J\u00f6rgen H\u00e4gglund since 1986. The business is conducted from offices in Halmstad and Malm\u00f6. Our employees have a qualified financial education and many years of practical experience. We master the current legal rules in accounting and taxation. Continuous development means that we are strong in the face [&hellip;]","og_url":"https:\/\/rkjh.se\/zh\/\u6211\u4eec\u7684\u6210\u957f\u6545\u4e8b\/","og_site_name":"Revisionskonsulterna J H\u00e4gglund ZH","article_modified_time":"2023-01-30T10:33:37+00:00","twitter_card":"summary_large_image","twitter_misc":{"Ber\u00e4knad l\u00e4stid":"2 minuter"},"schema":{"@context":"https:\/\/schema.org","@graph":[{"@type":"WebPage","@id":"https:\/\/rkjh.se\/zh\/%e6%88%91%e4%bb%ac%e7%9a%84%e6%88%90%e9%95%bf%e6%95%85%e4%ba%8b\/","url":"https:\/\/rkjh.se\/zh\/%e6%88%91%e4%bb%ac%e7%9a%84%e6%88%90%e9%95%bf%e6%95%85%e4%ba%8b\/","name":"\u6211\u4eec\u7684\u6210\u957f\u6545\u4e8b - Revisionskonsulterna J H\u00e4gglund ZH","isPartOf":{"@id":"https:\/\/rkjh.se\/zh\/#website"},"datePublished":"2021-03-01T15:03:29+00:00","dateModified":"2023-01-30T10:33:37+00:00","inLanguage":"sv-SE","potentialAction":[{"@type":"ReadAction","target":["https:\/\/rkjh.se\/zh\/%e6%88%91%e4%bb%ac%e7%9a%84%e6%88%90%e9%95%bf%e6%95%85%e4%ba%8b\/"]}]},{"@type":"WebSite","@id":"https:\/\/rkjh.se\/zh\/#website","url":"https:\/\/rkjh.se\/zh\/","name":"Revisionskonsulterna J H\u00e4gglund ZH","description":"&quot;Engagemanget g\u00f6r skillnaden&quot;","potentialAction":[{"@type":"SearchAction","target":{"@type":"EntryPoint","urlTemplate":"https:\/\/rkjh.se\/zh\/?s={search_term_string}"},"query-input":{"@type":"PropertyValueSpecification","valueRequired":true,"valueName":"search_term_string"}}],"inLanguage":"sv-SE"}]}},"_links":{"self":[{"href":"https:\/\/rkjh.se\/zh\/wp-json\/wp\/v2\/pages\/1409","targetHints":{"allow":["GET"]}}],"collection":[{"href":"https:\/\/rkjh.se\/zh\/wp-json\/wp\/v2\/pages"}],"about":[{"href":"https:\/\/rkjh.se\/zh\/wp-json\/wp\/v2\/types\/page"}],"author":[{"embeddable":true,"href":"https:\/\/rkjh.se\/zh\/wp-json\/wp\/v2\/users\/3"}],"replies":[{"embeddable":true,"href":"https:\/\/rkjh.se\/zh\/wp-json\/wp\/v2\/comments?post=1409"}],"version-history":[{"count":6,"href":"https:\/\/rkjh.se\/zh\/wp-json\/wp\/v2\/pages\/1409\/revisions"}],"predecessor-version":[{"id":131922,"href":"https:\/\/rkjh.se\/zh\/wp-json\/wp\/v2\/pages\/1409\/revisions\/131922"}],"wp:attachment":[{"href":"https:\/\/rkjh.se\/zh\/wp-json\/wp\/v2\/media?parent=1409"}],"curies":[{"name":"wp","href":"https:\/\/api.w.org\/{rel}","templated":true}]}}