{"id":1438,"date":"2021-03-01T16:42:51","date_gmt":"2021-03-01T15:42:51","guid":{"rendered":"https:\/\/rkjh.se\/zh\/?page_id=1438"},"modified":"2023-01-30T11:37:02","modified_gmt":"2023-01-30T10:37:02","slug":"%e8%a7%81%e8%a7%a3","status":"publish","type":"page","link":"https:\/\/rkjh.se\/zh\/%e8%a7%81%e8%a7%a3\/","title":{"rendered":"\u89c1\u89e3"},"content":{"rendered":"<p>[et_pb_section fb_built=&#8221;1&#8243; admin_label=&#8221;Ingress&#8221; _builder_version=&#8221;4.16&#8243; _module_preset=&#8221;default&#8221; background_enable_color=&#8221;off&#8221; custom_margin=&#8221;0px||0px||false|false&#8221; custom_padding=&#8221;0px||0px||false|false&#8221; global_colors_info=&#8221;{}&#8221;][et_pb_row _builder_version=&#8221;4.16&#8243; _module_preset=&#8221;default&#8221; background_color=&#8221;#E52B38&#8243; width=&#8221;100%&#8221; max_width=&#8221;100%&#8221; global_colors_info=&#8221;{}&#8221;][et_pb_column type=&#8221;4_4&#8243; _builder_version=&#8221;4.16&#8243; _module_preset=&#8221;default&#8221; global_colors_info=&#8221;{}&#8221;][et_pb_blurb title=&#8221;Insights&#8221; content_max_width=&#8221;80%&#8221; _builder_version=&#8221;4.16&#8243; _module_preset=&#8221;default&#8221; header_level=&#8221;h1&#8243; header_text_align=&#8221;center&#8221; header_text_color=&#8221;#ffffff&#8221; header_font_size=&#8221;44px&#8221; body_text_align=&#8221;center&#8221; body_text_color=&#8221;#ffffff&#8221; body_font_size=&#8221;18px&#8221; background_enable_color=&#8221;off&#8221; max_width=&#8221;1080px&#8221; custom_margin=&#8221;|auto||auto|false|false&#8221; hover_enabled=&#8221;0&#8243; global_colors_info=&#8221;{}&#8221; sticky_enabled=&#8221;0&#8243;][\/et_pb_blurb][\/et_pb_column][\/et_pb_row][\/et_pb_section][et_pb_section fb_built=&#8221;1&#8243; _builder_version=&#8221;4.16&#8243; background_color=&#8221;#f2f2f2&#8243; global_colors_info=&#8221;{}&#8221;][et_pb_row column_structure=&#8221;1_3,1_3,1_3&#8243; _builder_version=&#8221;4.16&#8243; background_size=&#8221;initial&#8221; background_position=&#8221;top_left&#8221; background_repeat=&#8221;repeat&#8221; global_colors_info=&#8221;{}&#8221;][et_pb_column type=&#8221;1_3&#8243; _builder_version=&#8221;4.16&#8243; background_color=&#8221;#ffffff&#8221; custom_padding=&#8221;|||&#8221; global_colors_info=&#8221;{}&#8221; custom_padding__hover=&#8221;|||&#8221;][et_pb_image src=&#8221;https:\/\/rkjh.se\/zh\/wp-content\/uploads\/sites\/3\/2021\/02\/dddd.png&#8221; title_text=&#8221;dddd&#8221; url=&#8221;https:\/\/rkjh.se\/zh\/en\/business-entrepreneurs\/&#8221; align=&#8221;center&#8221; force_fullwidth=&#8221;on&#8221; _builder_version=&#8221;4.16&#8243; _module_preset=&#8221;default&#8221; global_colors_info=&#8221;{}&#8221;][\/et_pb_image][et_pb_text _builder_version=&#8221;4.19.2&#8243; _module_preset=&#8221;default&#8221; custom_padding=&#8221;15px||20px||false|false&#8221; link_option_url=&#8221;https:\/\/rkjh.se\/zh\/en\/business-entrepreneurs\/&#8221; hover_enabled=&#8221;0&#8243; global_colors_info=&#8221;{}&#8221; sticky_enabled=&#8221;0&#8243;]<\/p>\n<h3 style=\"text-align: center;\">\u521b\u4e1a\u8005<\/h3>\n<p style=\"text-align: center;\">[\/et_pb_text][\/et_pb_column][et_pb_column type=&#8221;1_3&#8243; _builder_version=&#8221;4.16&#8243; background_color=&#8221;#ffffff&#8221; custom_padding=&#8221;|||&#8221; global_colors_info=&#8221;{}&#8221; custom_padding__hover=&#8221;|||&#8221;][et_pb_image src=&#8221;https:\/\/rkjh.se\/zh\/wp-content\/uploads\/sites\/3\/2021\/02\/Transport-trafik-och-infrastruktur-fo\u0308r-framtiden-TI1.jpg&#8221; title_text=&#8221;Transport-trafik-och-infrastruktur-fo\u0308r-framtiden-TI1&#8243; url=&#8221;https:\/\/rkjh.se\/zh\/en\/business-leaders\/&#8221; align=&#8221;center&#8221; force_fullwidth=&#8221;on&#8221; _builder_version=&#8221;4.16&#8243; _module_preset=&#8221;default&#8221; global_colors_info=&#8221;{}&#8221;][\/et_pb_image][et_pb_text _builder_version=&#8221;4.19.2&#8243; _module_preset=&#8221;default&#8221; custom_padding=&#8221;15px||20px||false|false&#8221; link_option_url=&#8221;https:\/\/rkjh.se\/zh\/en\/business-leaders\/&#8221; hover_enabled=&#8221;0&#8243; global_colors_info=&#8221;{}&#8221; sticky_enabled=&#8221;0&#8243;]<\/p>\n<h3 style=\"text-align: center;\">\u5546\u754c\u7cbe\u82f1\u5bf9\u672a\u6765\u7684\u89c1\u89e3<\/h3>\n<p>[\/et_pb_text][\/et_pb_column][et_pb_column type=&#8221;1_3&#8243; _builder_version=&#8221;4.16&#8243; background_color=&#8221;#ffffff&#8221; custom_padding=&#8221;|||&#8221; global_colors_info=&#8221;{}&#8221; custom_padding__hover=&#8221;|||&#8221;][et_pb_image src=&#8221;https:\/\/rkjh.se\/zh\/wp-content\/uploads\/sites\/3\/2021\/02\/Transformacion_746x419.jpg&#8221; title_text=&#8221;Transformacion_746x419&#8243; url=&#8221;https:\/\/rkjh.se\/zh\/en\/digital-transformation-eng\/&#8221; align=&#8221;center&#8221; force_fullwidth=&#8221;on&#8221; _builder_version=&#8221;4.16&#8243; _module_preset=&#8221;default&#8221; global_colors_info=&#8221;{}&#8221;][\/et_pb_image][et_pb_text _builder_version=&#8221;4.19.2&#8243; _module_preset=&#8221;default&#8221; custom_padding=&#8221;15px||20px||false|false&#8221; link_option_url=&#8221;https:\/\/rkjh.se\/zh\/en\/digital-transformation-eng\/&#8221; hover_enabled=&#8221;0&#8243; global_colors_info=&#8221;{}&#8221; sticky_enabled=&#8221;0&#8243;]<\/p>\n<h3 style=\"text-align: center;\">\u6570\u5b57\u5316\u8f6c\u578b<\/h3>\n<p style=\"text-align: center;\">[\/et_pb_text][\/et_pb_column][\/et_pb_row][\/et_pb_section]<\/p>\n","protected":false},"excerpt":{"rendered":"<p>\u521b\u4e1a\u8005 \u5546\u754c\u7cbe\u82f1\u5bf9\u672a\u6765\u7684\u89c1\u89e3\u6570\u5b57\u5316\u8f6c\u578b<\/p>\n","protected":false},"author":3,"featured_media":0,"parent":0,"menu_order":0,"comment_status":"closed","ping_status":"closed","template":"","meta":{"_acf_changed":false,"_et_pb_use_builder":"on","_et_pb_old_content":"","_et_gb_content_width":"","content-type":"","om_disable_all_campaigns":false,"footnotes":""},"class_list":["post-1438","page","type-page","status-publish","hentry"],"acf":[],"aioseo_notices":[],"yoast_head":"<!-- This site is optimized with the Yoast SEO plugin v27.4 - https:\/\/yoast.com\/product\/yoast-seo-wordpress\/ -->\n<title>\u89c1\u89e3 - Revisionskonsulterna J H\u00e4gglund ZH<\/title>\n<meta name=\"robots\" content=\"index, follow, max-snippet:-1, max-image-preview:large, max-video-preview:-1\" \/>\n<link rel=\"canonical\" href=\"https:\/\/rkjh.se\/zh\/\u89c1\u89e3\/\" \/>\n<meta property=\"og:locale\" content=\"sv_SE\" \/>\n<meta property=\"og:type\" content=\"article\" \/>\n<meta property=\"og:title\" content=\"\u89c1\u89e3 - Revisionskonsulterna J H\u00e4gglund ZH\" \/>\n<meta property=\"og:description\" content=\"\u521b\u4e1a\u8005 \u5546\u754c\u7cbe\u82f1\u5bf9\u672a\u6765\u7684\u89c1\u89e3\u6570\u5b57\u5316\u8f6c\u578b\" \/>\n<meta property=\"og:url\" content=\"https:\/\/rkjh.se\/zh\/\u89c1\u89e3\/\" \/>\n<meta property=\"og:site_name\" content=\"Revisionskonsulterna J H\u00e4gglund ZH\" \/>\n<meta property=\"article:modified_time\" content=\"2023-01-30T10:37:02+00:00\" \/>\n<meta name=\"twitter:card\" content=\"summary_large_image\" \/>\n<meta name=\"twitter:label1\" content=\"Ber\u00e4knad l\u00e4stid\" \/>\n\t<meta name=\"twitter:data1\" content=\"1 minut\" \/>\n<script type=\"application\/ld+json\" class=\"yoast-schema-graph\">{\"@context\":\"https:\\\/\\\/schema.org\",\"@graph\":[{\"@type\":\"WebPage\",\"@id\":\"https:\\\/\\\/rkjh.se\\\/zh\\\/%e8%a7%81%e8%a7%a3\\\/\",\"url\":\"https:\\\/\\\/rkjh.se\\\/zh\\\/%e8%a7%81%e8%a7%a3\\\/\",\"name\":\"\u89c1\u89e3 - Revisionskonsulterna J H\u00e4gglund ZH\",\"isPartOf\":{\"@id\":\"https:\\\/\\\/rkjh.se\\\/zh\\\/#website\"},\"datePublished\":\"2021-03-01T15:42:51+00:00\",\"dateModified\":\"2023-01-30T10:37:02+00:00\",\"inLanguage\":\"sv-SE\",\"potentialAction\":[{\"@type\":\"ReadAction\",\"target\":[\"https:\\\/\\\/rkjh.se\\\/zh\\\/%e8%a7%81%e8%a7%a3\\\/\"]}]},{\"@type\":\"WebSite\",\"@id\":\"https:\\\/\\\/rkjh.se\\\/zh\\\/#website\",\"url\":\"https:\\\/\\\/rkjh.se\\\/zh\\\/\",\"name\":\"Revisionskonsulterna J H\u00e4gglund ZH\",\"description\":\"&quot;Engagemanget g\u00f6r skillnaden&quot;\",\"potentialAction\":[{\"@type\":\"SearchAction\",\"target\":{\"@type\":\"EntryPoint\",\"urlTemplate\":\"https:\\\/\\\/rkjh.se\\\/zh\\\/?s={search_term_string}\"},\"query-input\":{\"@type\":\"PropertyValueSpecification\",\"valueRequired\":true,\"valueName\":\"search_term_string\"}}],\"inLanguage\":\"sv-SE\"}]}<\/script>\n<!-- \/ Yoast SEO plugin. -->","yoast_head_json":{"title":"\u89c1\u89e3 - Revisionskonsulterna J H\u00e4gglund ZH","robots":{"index":"index","follow":"follow","max-snippet":"max-snippet:-1","max-image-preview":"max-image-preview:large","max-video-preview":"max-video-preview:-1"},"canonical":"https:\/\/rkjh.se\/zh\/\u89c1\u89e3\/","og_locale":"sv_SE","og_type":"article","og_title":"\u89c1\u89e3 - Revisionskonsulterna J H\u00e4gglund ZH","og_description":"\u521b\u4e1a\u8005 \u5546\u754c\u7cbe\u82f1\u5bf9\u672a\u6765\u7684\u89c1\u89e3\u6570\u5b57\u5316\u8f6c\u578b","og_url":"https:\/\/rkjh.se\/zh\/\u89c1\u89e3\/","og_site_name":"Revisionskonsulterna J H\u00e4gglund ZH","article_modified_time":"2023-01-30T10:37:02+00:00","twitter_card":"summary_large_image","twitter_misc":{"Ber\u00e4knad l\u00e4stid":"1 minut"},"schema":{"@context":"https:\/\/schema.org","@graph":[{"@type":"WebPage","@id":"https:\/\/rkjh.se\/zh\/%e8%a7%81%e8%a7%a3\/","url":"https:\/\/rkjh.se\/zh\/%e8%a7%81%e8%a7%a3\/","name":"\u89c1\u89e3 - Revisionskonsulterna J H\u00e4gglund ZH","isPartOf":{"@id":"https:\/\/rkjh.se\/zh\/#website"},"datePublished":"2021-03-01T15:42:51+00:00","dateModified":"2023-01-30T10:37:02+00:00","inLanguage":"sv-SE","potentialAction":[{"@type":"ReadAction","target":["https:\/\/rkjh.se\/zh\/%e8%a7%81%e8%a7%a3\/"]}]},{"@type":"WebSite","@id":"https:\/\/rkjh.se\/zh\/#website","url":"https:\/\/rkjh.se\/zh\/","name":"Revisionskonsulterna J H\u00e4gglund ZH","description":"&quot;Engagemanget g\u00f6r skillnaden&quot;","potentialAction":[{"@type":"SearchAction","target":{"@type":"EntryPoint","urlTemplate":"https:\/\/rkjh.se\/zh\/?s={search_term_string}"},"query-input":{"@type":"PropertyValueSpecification","valueRequired":true,"valueName":"search_term_string"}}],"inLanguage":"sv-SE"}]}},"_links":{"self":[{"href":"https:\/\/rkjh.se\/zh\/wp-json\/wp\/v2\/pages\/1438","targetHints":{"allow":["GET"]}}],"collection":[{"href":"https:\/\/rkjh.se\/zh\/wp-json\/wp\/v2\/pages"}],"about":[{"href":"https:\/\/rkjh.se\/zh\/wp-json\/wp\/v2\/types\/page"}],"author":[{"embeddable":true,"href":"https:\/\/rkjh.se\/zh\/wp-json\/wp\/v2\/users\/3"}],"replies":[{"embeddable":true,"href":"https:\/\/rkjh.se\/zh\/wp-json\/wp\/v2\/comments?post=1438"}],"version-history":[{"count":10,"href":"https:\/\/rkjh.se\/zh\/wp-json\/wp\/v2\/pages\/1438\/revisions"}],"predecessor-version":[{"id":131926,"href":"https:\/\/rkjh.se\/zh\/wp-json\/wp\/v2\/pages\/1438\/revisions\/131926"}],"wp:attachment":[{"href":"https:\/\/rkjh.se\/zh\/wp-json\/wp\/v2\/media?parent=1438"}],"curies":[{"name":"wp","href":"https:\/\/api.w.org\/{rel}","templated":true}]}}